{"id":983,"date":"2021-02-08T20:15:45","date_gmt":"2021-02-08T20:15:45","guid":{"rendered":"http:\/\/jswood.cz\/?page_id=983"},"modified":"2021-05-25T18:55:12","modified_gmt":"2021-05-25T18:55:12","slug":"dekorace","status":"publish","type":"page","link":"https:\/\/jswood.cz\/index.php\/dekorace\/","title":{"rendered":"Dekorace"},"content":{"rendered":"\n<div class=\"wp-block-media-text alignwide is-stacked-on-mobile\"><figure class=\"wp-block-media-text__media\"><img loading=\"lazy\" decoding=\"async\" width=\"1024\" height=\"768\" src=\"https:\/\/jswood.cz\/wp-content\/uploads\/2021\/02\/IMG_1849-1024x768.jpg\" alt=\"\" class=\"wp-image-984 size-full\" srcset=\"https:\/\/jswood.cz\/wp-content\/uploads\/2021\/02\/IMG_1849-1024x768.jpg 1024w, https:\/\/jswood.cz\/wp-content\/uploads\/2021\/02\/IMG_1849-768x576.jpg 768w, https:\/\/jswood.cz\/wp-content\/uploads\/2021\/02\/IMG_1849-1536x1152.jpg 1536w, https:\/\/jswood.cz\/wp-content\/uploads\/2021\/02\/IMG_1849-960x720.jpg 960w, https:\/\/jswood.cz\/wp-content\/uploads\/2021\/02\/IMG_1849.jpg 2016w\" sizes=\"auto, (max-width: 1024px) 100vw, 1024px\" \/><\/figure><div class=\"wp-block-media-text__content\">\n<p class=\"has-large-font-size\"><strong>Plastick\u00fd d\u0159ev\u011bn\u00fd obraz<\/strong><\/p>\n\n\n\n<p><\/p>\n<\/div><\/div>\n\n\n\n<div class=\"wp-block-media-text alignwide is-stacked-on-mobile\"><figure class=\"wp-block-media-text__media\"><img loading=\"lazy\" decoding=\"async\" width=\"707\" height=\"1024\" src=\"http:\/\/jswood.cz\/wp-content\/uploads\/2018\/10\/42204431_242996986386544_3799439477198290944_n-707x1024.jpg\" alt=\"\" class=\"wp-image-526 size-full\" srcset=\"https:\/\/jswood.cz\/wp-content\/uploads\/2018\/10\/42204431_242996986386544_3799439477198290944_n-707x1024.jpg 707w, https:\/\/jswood.cz\/wp-content\/uploads\/2018\/10\/42204431_242996986386544_3799439477198290944_n-207x300.jpg 207w, https:\/\/jswood.cz\/wp-content\/uploads\/2018\/10\/42204431_242996986386544_3799439477198290944_n-768x1112.jpg 768w\" sizes=\"auto, (max-width: 707px) 100vw, 707px\" \/><\/figure><div class=\"wp-block-media-text__content\">\n<p class=\"has-large-font-size\"><strong>Poli\u010dka<\/strong><\/p>\n\n\n\n<p><\/p>\n<\/div><\/div>\n\n\n\n<div class=\"wp-block-media-text alignwide is-stacked-on-mobile\"><figure class=\"wp-block-media-text__media\"><img loading=\"lazy\" decoding=\"async\" width=\"640\" height=\"575\" src=\"http:\/\/jswood.cz\/wp-content\/uploads\/2017\/06\/18902917_1366884696731371_1969659277_n.png\" alt=\"\" class=\"wp-image-390 size-full\"\/><\/figure><div class=\"wp-block-media-text__content\">\n<p class=\"has-large-font-size\"><strong>Srdce se zrcadlem<\/strong><\/p>\n<\/div><\/div>\n\n\n\n<div class=\"wp-block-media-text alignwide is-stacked-on-mobile\"><figure class=\"wp-block-media-text__media\"><img loading=\"lazy\" decoding=\"async\" width=\"768\" height=\"1024\" src=\"https:\/\/jswood.cz\/wp-content\/uploads\/2021\/02\/IMG_1853-768x1024.jpg\" alt=\"\" class=\"wp-image-985 size-full\" srcset=\"https:\/\/jswood.cz\/wp-content\/uploads\/2021\/02\/IMG_1853-768x1024.jpg 768w, https:\/\/jswood.cz\/wp-content\/uploads\/2021\/02\/IMG_1853-1152x1536.jpg 1152w, https:\/\/jswood.cz\/wp-content\/uploads\/2021\/02\/IMG_1853-960x1280.jpg 960w, https:\/\/jswood.cz\/wp-content\/uploads\/2021\/02\/IMG_1853-rotated.jpg 1512w\" sizes=\"auto, (max-width: 768px) 100vw, 768px\" \/><\/figure><div class=\"wp-block-media-text__content\">\n<p class=\"has-large-font-size\"><strong>Dubov\u00fd kol\u00e1\u010d<\/strong><\/p>\n<\/div><\/div>\n\n\n\n<div class=\"wp-block-media-text alignwide is-stacked-on-mobile\"><figure class=\"wp-block-media-text__media\"><img loading=\"lazy\" decoding=\"async\" width=\"640\" height=\"640\" src=\"http:\/\/jswood.cz\/wp-content\/uploads\/2017\/06\/18944609_1366896420063532_1681485927_n.png\" alt=\"\" class=\"wp-image-397 size-full\"\/><\/figure><div class=\"wp-block-media-text__content\">\n<p class=\"has-large-font-size\"><strong>D\u00e1rkov\u00e1 krabi\u010dka<\/strong><\/p>\n<\/div><\/div>\n\n\n\n<div class=\"wp-block-media-text alignwide is-stacked-on-mobile\"><figure class=\"wp-block-media-text__media\"><img loading=\"lazy\" decoding=\"async\" width=\"800\" height=\"659\" src=\"http:\/\/jswood.cz\/wp-content\/uploads\/2017\/06\/bedynka-2.png\" alt=\"18870516_1366896096730231_1373830200_o\" class=\"wp-image-484 size-full\"\/><\/figure><div class=\"wp-block-media-text__content\">\n<p class=\"has-large-font-size\"><strong>Podnos na ko\u0159enky<\/strong><\/p>\n<\/div><\/div>\n\n\n\n<div class=\"wp-block-media-text alignwide is-stacked-on-mobile\"><figure class=\"wp-block-media-text__media\"><img loading=\"lazy\" decoding=\"async\" width=\"640\" height=\"565\" src=\"http:\/\/jswood.cz\/wp-content\/uploads\/2017\/06\/18945245_1366884650064709_1659522166_n.png\" alt=\"\" class=\"wp-image-398 size-full\"\/><\/figure><div class=\"wp-block-media-text__content\">\n<p class=\"has-large-font-size\"><strong>Podnos s kovanou rukojet\u00ed<\/strong><\/p>\n<\/div><\/div>\n\n\n\n<div class=\"wp-block-media-text alignwide is-stacked-on-mobile\"><figure class=\"wp-block-media-text__media\"><img loading=\"lazy\" decoding=\"async\" width=\"1024\" height=\"768\" src=\"http:\/\/jswood.cz\/wp-content\/uploads\/2019\/12\/80042709_2550109278591914_1478092310355902464_n-1024x768.jpg\" alt=\"\" class=\"wp-image-651 size-full\" srcset=\"https:\/\/jswood.cz\/wp-content\/uploads\/2019\/12\/80042709_2550109278591914_1478092310355902464_n.jpg 1024w, https:\/\/jswood.cz\/wp-content\/uploads\/2019\/12\/80042709_2550109278591914_1478092310355902464_n-300x225.jpg 300w, https:\/\/jswood.cz\/wp-content\/uploads\/2019\/12\/80042709_2550109278591914_1478092310355902464_n-768x576.jpg 768w, https:\/\/jswood.cz\/wp-content\/uploads\/2019\/12\/80042709_2550109278591914_1478092310355902464_n-400x300.jpg 400w\" sizes=\"auto, (max-width: 1024px) 100vw, 1024px\" \/><\/figure><div class=\"wp-block-media-text__content\">\n<p class=\"has-large-font-size\"><strong>Stoj\u00e1nek na v\u00e1no\u010dn\u00ed stromek<\/strong><\/p>\n<\/div><\/div>\n\n\n\n<p><\/p>\n\n\n\n<div class=\"wp-block-media-text alignwide is-stacked-on-mobile\"><figure class=\"wp-block-media-text__media\"><img loading=\"lazy\" decoding=\"async\" width=\"640\" height=\"361\" src=\"http:\/\/jswood.cz\/wp-content\/uploads\/2021\/05\/IMG_2108.jpg\" alt=\"\" class=\"wp-image-1023 size-full\"\/><\/figure><div class=\"wp-block-media-text__content\">\n<p class=\"has-large-font-size\">Dubov\u00fd dr\u017e\u00e1k na ko\u0159en\u00ed<\/p>\n\n\n\n<p><\/p>\n<\/div><\/div>\n","protected":false},"excerpt":{"rendered":"<p>Plastick\u00fd d\u0159ev\u011bn\u00fd obraz Poli\u010dka Srdce se zrcadlem Dubov\u00fd kol\u00e1\u010d D\u00e1rkov\u00e1<span class=\"more-dots\"><a href=\"https:\/\/jswood.cz\/index.php\/dekorace\/\">[ &#8230; ]<\/span><\/a><\/p>\n","protected":false},"author":2,"featured_media":0,"parent":0,"menu_order":0,"comment_status":"closed","ping_status":"closed","template":"","meta":{"footnotes":""},"class_list":["post-983","page","type-page","status-publish","hentry"],"_links":{"self":[{"href":"https:\/\/jswood.cz\/index.php\/wp-json\/wp\/v2\/pages\/983","targetHints":{"allow":["GET"]}}],"collection":[{"href":"https:\/\/jswood.cz\/index.php\/wp-json\/wp\/v2\/pages"}],"about":[{"href":"https:\/\/jswood.cz\/index.php\/wp-json\/wp\/v2\/types\/page"}],"author":[{"embeddable":true,"href":"https:\/\/jswood.cz\/index.php\/wp-json\/wp\/v2\/users\/2"}],"replies":[{"embeddable":true,"href":"https:\/\/jswood.cz\/index.php\/wp-json\/wp\/v2\/comments?post=983"}],"version-history":[{"count":5,"href":"https:\/\/jswood.cz\/index.php\/wp-json\/wp\/v2\/pages\/983\/revisions"}],"predecessor-version":[{"id":1027,"href":"https:\/\/jswood.cz\/index.php\/wp-json\/wp\/v2\/pages\/983\/revisions\/1027"}],"wp:attachment":[{"href":"https:\/\/jswood.cz\/index.php\/wp-json\/wp\/v2\/media?parent=983"}],"curies":[{"name":"wp","href":"https:\/\/api.w.org\/{rel}","templated":true}]}}