{"id":972,"date":"2021-01-31T17:52:46","date_gmt":"2021-01-31T17:52:46","guid":{"rendered":"http:\/\/jswood.cz\/?page_id=972"},"modified":"2021-01-31T17:57:11","modified_gmt":"2021-01-31T17:57:11","slug":"drevene-cedule","status":"publish","type":"page","link":"https:\/\/jswood.cz\/index.php\/drevene-cedule\/","title":{"rendered":"D\u0159ev\u011bn\u00e9 cedule"},"content":{"rendered":"\n<div class=\"wp-block-media-text alignwide is-stacked-on-mobile\"><figure class=\"wp-block-media-text__media\"><img loading=\"lazy\" decoding=\"async\" width=\"900\" height=\"675\" src=\"http:\/\/jswood.cz\/wp-content\/uploads\/2021\/01\/20210131_153201.jpg\" alt=\"\" class=\"wp-image-971 size-full\" srcset=\"https:\/\/jswood.cz\/wp-content\/uploads\/2021\/01\/20210131_153201.jpg 900w, https:\/\/jswood.cz\/wp-content\/uploads\/2021\/01\/20210131_153201-768x576.jpg 768w\" sizes=\"auto, (max-width: 900px) 100vw, 900px\" \/><\/figure><div class=\"wp-block-media-text__content\">\n<p style=\"font-size:18px\"><strong>Dubov\u00e1 reklamn\u00ed cedule<\/strong><\/p>\n<\/div><\/div>\n","protected":false},"excerpt":{"rendered":"<p>Dubov\u00e1 reklamn\u00ed cedule<\/p>\n","protected":false},"author":2,"featured_media":0,"parent":0,"menu_order":0,"comment_status":"closed","ping_status":"closed","template":"","meta":{"footnotes":""},"class_list":["post-972","page","type-page","status-publish","hentry"],"_links":{"self":[{"href":"https:\/\/jswood.cz\/index.php\/wp-json\/wp\/v2\/pages\/972","targetHints":{"allow":["GET"]}}],"collection":[{"href":"https:\/\/jswood.cz\/index.php\/wp-json\/wp\/v2\/pages"}],"about":[{"href":"https:\/\/jswood.cz\/index.php\/wp-json\/wp\/v2\/types\/page"}],"author":[{"embeddable":true,"href":"https:\/\/jswood.cz\/index.php\/wp-json\/wp\/v2\/users\/2"}],"replies":[{"embeddable":true,"href":"https:\/\/jswood.cz\/index.php\/wp-json\/wp\/v2\/comments?post=972"}],"version-history":[{"count":3,"href":"https:\/\/jswood.cz\/index.php\/wp-json\/wp\/v2\/pages\/972\/revisions"}],"predecessor-version":[{"id":977,"href":"https:\/\/jswood.cz\/index.php\/wp-json\/wp\/v2\/pages\/972\/revisions\/977"}],"wp:attachment":[{"href":"https:\/\/jswood.cz\/index.php\/wp-json\/wp\/v2\/media?parent=972"}],"curies":[{"name":"wp","href":"https:\/\/api.w.org\/{rel}","templated":true}]}}