{"id":381,"date":"2017-06-05T09:43:55","date_gmt":"2017-06-05T09:43:55","guid":{"rendered":"http:\/\/test.tomasnovy.cz\/?page_id=381"},"modified":"2021-02-08T20:36:34","modified_gmt":"2021-02-08T20:36:34","slug":"galerie","status":"publish","type":"page","link":"https:\/\/jswood.cz\/index.php\/galerie-2\/galerie\/","title":{"rendered":"Renovace star\u00e9ho n\u00e1bytku"},"content":{"rendered":"\n<div class=\"wp-block-group\"><div class=\"wp-block-group__inner-container is-layout-flow wp-block-group-is-layout-flow\">\n<div class=\"wp-block-columns is-layout-flex wp-container-core-columns-is-layout-9d6595d7 wp-block-columns-is-layout-flex\">\n<div class=\"wp-block-column is-layout-flow wp-block-column-is-layout-flow\" style=\"flex-basis:100%\">\n<div class=\"wp-block-group\"><div class=\"wp-block-group__inner-container is-layout-flow wp-block-group-is-layout-flow\">\n<div class=\"wp-block-columns is-layout-flex wp-container-core-columns-is-layout-9d6595d7 wp-block-columns-is-layout-flex\">\n<div class=\"wp-block-column is-layout-flow wp-block-column-is-layout-flow\" style=\"flex-basis:50%\">\n<figure class=\"wp-block-image\"><img loading=\"lazy\" decoding=\"async\" width=\"720\" height=\"960\" src=\"https:\/\/jswood.cz\/wp-content\/uploads\/2021\/01\/received_248627789672445.jpeg\" alt=\"\" class=\"wp-image-910\"\/><\/figure>\n<\/div>\n\n\n\n<div class=\"wp-block-column is-layout-flow wp-block-column-is-layout-flow\" style=\"flex-basis:50%\">\n<figure class=\"wp-block-image\"><img loading=\"lazy\" decoding=\"async\" width=\"580\" height=\"1024\" src=\"http:\/\/jswood.cz\/wp-content\/uploads\/2021\/01\/IMG_1786-1-580x1024.jpg\" alt=\"\" class=\"wp-image-754\" srcset=\"https:\/\/jswood.cz\/wp-content\/uploads\/2021\/01\/IMG_1786-1-580x1024.jpg 580w, https:\/\/jswood.cz\/wp-content\/uploads\/2021\/01\/IMG_1786-1-170x300.jpg 170w, https:\/\/jswood.cz\/wp-content\/uploads\/2021\/01\/IMG_1786-1-768x1357.jpg 768w, https:\/\/jswood.cz\/wp-content\/uploads\/2021\/01\/IMG_1786-1-869x1536.jpg 869w, https:\/\/jswood.cz\/wp-content\/uploads\/2021\/01\/IMG_1786-1-1159x2048.jpg 1159w, https:\/\/jswood.cz\/wp-content\/uploads\/2021\/01\/IMG_1786-1-scaled.jpg 1449w\" sizes=\"auto, (max-width: 580px) 100vw, 580px\" \/><\/figure>\n<\/div>\n<\/div>\n<\/div><\/div>\n<\/div>\n<\/div>\n<\/div><\/div>\n\n\n\n<div class=\"wp-block-media-text alignwide is-stacked-on-mobile\"><figure class=\"wp-block-media-text__media\"><img loading=\"lazy\" decoding=\"async\" width=\"768\" height=\"1024\" src=\"https:\/\/jswood.cz\/wp-content\/uploads\/2021\/01\/IMG_1798-768x1024.jpg\" alt=\"\" class=\"wp-image-882 size-full\" srcset=\"https:\/\/jswood.cz\/wp-content\/uploads\/2021\/01\/IMG_1798-768x1024.jpg 768w, https:\/\/jswood.cz\/wp-content\/uploads\/2021\/01\/IMG_1798-1152x1536.jpg 1152w, https:\/\/jswood.cz\/wp-content\/uploads\/2021\/01\/IMG_1798-960x1280.jpg 960w, https:\/\/jswood.cz\/wp-content\/uploads\/2021\/01\/IMG_1798-rotated.jpg 1512w\" sizes=\"auto, (max-width: 768px) 100vw, 768px\" \/><\/figure><div class=\"wp-block-media-text__content\">\n<p style=\"font-size:18px\"><strong>J\u00eddeln\u00ed souprava<\/strong><\/p>\n<\/div><\/div>\n\n\n\n<div class=\"wp-block-media-text alignwide is-stacked-on-mobile\"><figure class=\"wp-block-media-text__media\"><img loading=\"lazy\" decoding=\"async\" width=\"640\" height=\"853\" src=\"http:\/\/jswood.cz\/wp-content\/uploads\/2020\/10\/121974442_1694665387359666_3240505609721681991_n.jpg\" alt=\"\" class=\"wp-image-721 size-full\" srcset=\"https:\/\/jswood.cz\/wp-content\/uploads\/2020\/10\/121974442_1694665387359666_3240505609721681991_n.jpg 640w, https:\/\/jswood.cz\/wp-content\/uploads\/2020\/10\/121974442_1694665387359666_3240505609721681991_n-225x300.jpg 225w\" sizes=\"auto, (max-width: 640px) 100vw, 640px\" \/><\/figure><div class=\"wp-block-media-text__content\">\n<p style=\"font-size:18px\"><strong>Komoda<\/strong><\/p>\n<\/div><\/div>\n\n\n\n<div class=\"wp-block-media-text alignwide is-stacked-on-mobile\"><figure class=\"wp-block-media-text__media\"><img loading=\"lazy\" decoding=\"async\" width=\"640\" height=\"853\" src=\"http:\/\/jswood.cz\/wp-content\/uploads\/2020\/10\/110562105_2834667900152947_147906175140773899_n.jpg\" alt=\"\" class=\"wp-image-718 size-full\" srcset=\"https:\/\/jswood.cz\/wp-content\/uploads\/2020\/10\/110562105_2834667900152947_147906175140773899_n.jpg 640w, https:\/\/jswood.cz\/wp-content\/uploads\/2020\/10\/110562105_2834667900152947_147906175140773899_n-225x300.jpg 225w\" sizes=\"auto, (max-width: 640px) 100vw, 640px\" \/><\/figure><div class=\"wp-block-media-text__content\">\n<p style=\"font-size:18px\"><strong>Komoda<\/strong><\/p>\n<\/div><\/div>\n\n\n\n<div class=\"wp-block-media-text alignwide is-stacked-on-mobile\"><figure class=\"wp-block-media-text__media\"><img loading=\"lazy\" decoding=\"async\" width=\"1024\" height=\"768\" src=\"https:\/\/jswood.cz\/wp-content\/uploads\/2021\/01\/IMG_1810-1024x768.jpg\" alt=\"\" class=\"wp-image-887 size-full\" srcset=\"https:\/\/jswood.cz\/wp-content\/uploads\/2021\/01\/IMG_1810-1024x768.jpg 1024w, https:\/\/jswood.cz\/wp-content\/uploads\/2021\/01\/IMG_1810-768x576.jpg 768w, https:\/\/jswood.cz\/wp-content\/uploads\/2021\/01\/IMG_1810-1536x1152.jpg 1536w, https:\/\/jswood.cz\/wp-content\/uploads\/2021\/01\/IMG_1810-960x720.jpg 960w, https:\/\/jswood.cz\/wp-content\/uploads\/2021\/01\/IMG_1810.jpg 2016w\" sizes=\"auto, (max-width: 1024px) 100vw, 1024px\" \/><\/figure><div class=\"wp-block-media-text__content\">\n<p style=\"font-size:18px\"><strong>P\u0159eds\u00ed\u0148ov\u00e1 sk\u0159\u00ed\u0148ka<\/strong><\/p>\n<\/div><\/div>\n\n\n\n<div class=\"wp-block-media-text alignwide is-stacked-on-mobile\"><figure class=\"wp-block-media-text__media\"><img loading=\"lazy\" decoding=\"async\" width=\"500\" height=\"666\" src=\"https:\/\/jswood.cz\/wp-content\/uploads\/2021\/01\/20210127_113747.jpg\" alt=\"\" class=\"wp-image-915 size-full\"\/><\/figure><div class=\"wp-block-media-text__content\">\n<p style=\"font-size:18px\"><strong>D\u011btsk\u00e1 \u017eidli\u010dka<\/strong><\/p>\n<\/div><\/div>\n\n\n\n<div class=\"wp-block-media-text alignwide is-stacked-on-mobile\"><figure class=\"wp-block-media-text__media\"><img loading=\"lazy\" decoding=\"async\" width=\"1080\" height=\"1920\" src=\"https:\/\/jswood.cz\/wp-content\/uploads\/2021\/01\/IMG_20200428_085707_865-1.jpg\" alt=\"\" class=\"wp-image-930 size-full\" srcset=\"https:\/\/jswood.cz\/wp-content\/uploads\/2021\/01\/IMG_20200428_085707_865-1.jpg 1080w, https:\/\/jswood.cz\/wp-content\/uploads\/2021\/01\/IMG_20200428_085707_865-1-576x1024.jpg 576w, https:\/\/jswood.cz\/wp-content\/uploads\/2021\/01\/IMG_20200428_085707_865-1-768x1365.jpg 768w, https:\/\/jswood.cz\/wp-content\/uploads\/2021\/01\/IMG_20200428_085707_865-1-864x1536.jpg 864w, https:\/\/jswood.cz\/wp-content\/uploads\/2021\/01\/IMG_20200428_085707_865-1-960x1707.jpg 960w\" sizes=\"auto, (max-width: 1080px) 100vw, 1080px\" \/><\/figure><div class=\"wp-block-media-text__content\">\n<p style=\"font-size:18px\"><strong>Stolek ze \u0161ic\u00edho stroje<\/strong><\/p>\n<\/div><\/div>\n\n\n\n<div class=\"wp-block-media-text alignwide is-stacked-on-mobile\"><figure class=\"wp-block-media-text__media\"><img loading=\"lazy\" decoding=\"async\" width=\"768\" height=\"1024\" src=\"http:\/\/jswood.cz\/wp-content\/uploads\/2021\/01\/IMG_1813-768x1024.jpg\" alt=\"\" class=\"wp-image-950 size-full\" srcset=\"https:\/\/jswood.cz\/wp-content\/uploads\/2021\/01\/IMG_1813-768x1024.jpg 768w, https:\/\/jswood.cz\/wp-content\/uploads\/2021\/01\/IMG_1813-1152x1536.jpg 1152w, https:\/\/jswood.cz\/wp-content\/uploads\/2021\/01\/IMG_1813-960x1280.jpg 960w, https:\/\/jswood.cz\/wp-content\/uploads\/2021\/01\/IMG_1813-rotated.jpg 1512w\" sizes=\"auto, (max-width: 768px) 100vw, 768px\" \/><\/figure><div class=\"wp-block-media-text__content\">\n<p style=\"font-size:18px\"><strong>Posuvn\u00e9 dve\u0159e<\/strong><\/p>\n<\/div><\/div>\n\n\n\n<div class=\"wp-block-media-text alignwide is-stacked-on-mobile\"><figure class=\"wp-block-media-text__media\"><img loading=\"lazy\" decoding=\"async\" width=\"900\" height=\"675\" src=\"http:\/\/jswood.cz\/wp-content\/uploads\/2021\/01\/20210131_122943.jpg\" alt=\"\" class=\"wp-image-970 size-full\" srcset=\"https:\/\/jswood.cz\/wp-content\/uploads\/2021\/01\/20210131_122943.jpg 900w, https:\/\/jswood.cz\/wp-content\/uploads\/2021\/01\/20210131_122943-768x576.jpg 768w\" sizes=\"auto, (max-width: 900px) 100vw, 900px\" \/><\/figure><div class=\"wp-block-media-text__content\">\n<p style=\"font-size:18px\"><strong>Poli\u010dka se \u0161upl\u00edky<\/strong><\/p>\n<\/div><\/div>\n\n\n\n<div class=\"wp-block-columns is-layout-flex wp-container-core-columns-is-layout-9d6595d7 wp-block-columns-is-layout-flex\">\n<div class=\"wp-block-column is-layout-flow wp-block-column-is-layout-flow\" style=\"flex-basis:100%\">\n<div class=\"wp-block-group\"><div class=\"wp-block-group__inner-container is-layout-flow wp-block-group-is-layout-flow\">\n<div class=\"wp-block-columns is-layout-flex wp-container-core-columns-is-layout-9d6595d7 wp-block-columns-is-layout-flex\">\n<div class=\"wp-block-column is-layout-flow wp-block-column-is-layout-flow\" style=\"flex-basis:100%\">\n<div class=\"wp-block-columns are-vertically-aligned-top is-layout-flex wp-container-core-columns-is-layout-9d6595d7 wp-block-columns-is-layout-flex\">\n<div class=\"wp-block-column is-vertically-aligned-top is-layout-flow wp-block-column-is-layout-flow\" style=\"flex-basis:50%\">\n<div class=\"wp-block-columns is-layout-flex wp-container-core-columns-is-layout-9d6595d7 wp-block-columns-is-layout-flex\">\n<div class=\"wp-block-column is-layout-flow wp-block-column-is-layout-flow\">\n<div class=\"wp-block-columns is-layout-flex wp-container-core-columns-is-layout-9d6595d7 wp-block-columns-is-layout-flex\">\n<div class=\"wp-block-column is-layout-flow wp-block-column-is-layout-flow\" style=\"flex-basis:100%\">\n<div class=\"wp-block-columns is-layout-flex wp-container-core-columns-is-layout-9d6595d7 wp-block-columns-is-layout-flex\">\n<div class=\"wp-block-column is-layout-flow wp-block-column-is-layout-flow\" style=\"flex-basis:100%\">\n<figure class=\"wp-block-image size-large is-resized\"><img loading=\"lazy\" decoding=\"async\" src=\"http:\/\/jswood.cz\/wp-content\/uploads\/2017\/06\/18986589_1368406846579156_539103344_o.jpg\" alt=\"\" class=\"wp-image-466\" width=\"183\" height=\"325\"\/><\/figure>\n<\/div>\n<\/div>\n<\/div>\n<\/div>\n<\/div>\n\n\n\n<div class=\"wp-block-column is-layout-flow wp-block-column-is-layout-flow\">\n<div class=\"wp-block-columns is-layout-flex wp-container-core-columns-is-layout-9d6595d7 wp-block-columns-is-layout-flex\">\n<div class=\"wp-block-column is-layout-flow wp-block-column-is-layout-flow\" style=\"flex-basis:100%\">\n<div class=\"wp-block-columns is-layout-flex wp-container-core-columns-is-layout-9d6595d7 wp-block-columns-is-layout-flex\">\n<div class=\"wp-block-column is-layout-flow wp-block-column-is-layout-flow\" style=\"flex-basis:50%\">\n<figure class=\"wp-block-image size-large is-resized\"><img loading=\"lazy\" decoding=\"async\" src=\"http:\/\/jswood.cz\/wp-content\/uploads\/2017\/06\/stolek.jpg\" alt=\"\" class=\"wp-image-457\" width=\"270\" height=\"325\"\/><\/figure>\n<\/div>\n\n\n\n<div class=\"wp-block-column is-layout-flow wp-block-column-is-layout-flow\" style=\"flex-basis:50%\"><\/div>\n<\/div>\n<\/div>\n<\/div>\n<\/div>\n<\/div>\n<\/div>\n<\/div>\n<\/div>\n<\/div>\n<\/div><\/div>\n<\/div>\n<\/div>\n\n\n\n<div class=\"wp-block-columns is-layout-flex wp-container-core-columns-is-layout-9d6595d7 wp-block-columns-is-layout-flex\">\n<div class=\"wp-block-column is-layout-flow wp-block-column-is-layout-flow\" style=\"flex-basis:100%\">\n<div class=\"wp-block-columns is-layout-flex wp-container-core-columns-is-layout-9d6595d7 wp-block-columns-is-layout-flex\">\n<div class=\"wp-block-column is-layout-flow wp-block-column-is-layout-flow\" style=\"flex-basis:100%\"><\/div>\n<\/div>\n<\/div>\n<\/div>\n","protected":false},"excerpt":{"rendered":"<p>J\u00eddeln\u00ed souprava Komoda Komoda P\u0159eds\u00ed\u0148ov\u00e1 sk\u0159\u00ed\u0148ka D\u011btsk\u00e1 \u017eidli\u010dka Stolek ze<span class=\"more-dots\"><a href=\"https:\/\/jswood.cz\/index.php\/galerie-2\/galerie\/\">[ &#8230; ]<\/span><\/a><\/p>\n","protected":false},"author":1,"featured_media":765,"parent":800,"menu_order":0,"comment_status":"closed","ping_status":"closed","template":"","meta":{"footnotes":""},"class_list":["post-381","page","type-page","status-publish","has-post-thumbnail","hentry"],"_links":{"self":[{"href":"https:\/\/jswood.cz\/index.php\/wp-json\/wp\/v2\/pages\/381","targetHints":{"allow":["GET"]}}],"collection":[{"href":"https:\/\/jswood.cz\/index.php\/wp-json\/wp\/v2\/pages"}],"about":[{"href":"https:\/\/jswood.cz\/index.php\/wp-json\/wp\/v2\/types\/page"}],"author":[{"embeddable":true,"href":"https:\/\/jswood.cz\/index.php\/wp-json\/wp\/v2\/users\/1"}],"replies":[{"embeddable":true,"href":"https:\/\/jswood.cz\/index.php\/wp-json\/wp\/v2\/comments?post=381"}],"version-history":[{"count":29,"href":"https:\/\/jswood.cz\/index.php\/wp-json\/wp\/v2\/pages\/381\/revisions"}],"predecessor-version":[{"id":995,"href":"https:\/\/jswood.cz\/index.php\/wp-json\/wp\/v2\/pages\/381\/revisions\/995"}],"up":[{"embeddable":true,"href":"https:\/\/jswood.cz\/index.php\/wp-json\/wp\/v2\/pages\/800"}],"wp:featuredmedia":[{"embeddable":true,"href":"https:\/\/jswood.cz\/index.php\/wp-json\/wp\/v2\/media\/765"}],"wp:attachment":[{"href":"https:\/\/jswood.cz\/index.php\/wp-json\/wp\/v2\/media?parent=381"}],"curies":[{"name":"wp","href":"https:\/\/api.w.org\/{rel}","templated":true}]}}